{"id":6814,"date":"2022-10-18T21:09:31","date_gmt":"2022-10-18T19:09:31","guid":{"rendered":"https:\/\/andiamo.at\/?page_id=6814"},"modified":"2022-10-18T21:09:31","modified_gmt":"2022-10-18T19:09:31","slug":"datenschutz","status":"publish","type":"page","link":"https:\/\/andiamo.at\/sl\/datenschutz\/","title":{"rendered":"Datenschutz"},"content":{"rendered":"[vc_row type=&#8221;in_container&#8221; full_screen_row_position=&#8221;middle&#8221; column_margin=&#8221;default&#8221; column_direction=&#8221;default&#8221; column_direction_tablet=&#8221;default&#8221; column_direction_phone=&#8221;default&#8221; scene_position=&#8221;center&#8221; text_color=&#8221;dark&#8221; text_align=&#8221;left&#8221; row_border_radius=&#8221;none&#8221; row_border_radius_applies=&#8221;bg&#8221; overlay_strength=&#8221;0.3&#8243; gradient_direction=&#8221;left_to_right&#8221; shape_divider_position=&#8221;bottom&#8221; bg_image_animation=&#8221;none&#8221;][vc_column column_padding=&#8221;no-extra-padding&#8221; column_padding_tablet=&#8221;inherit&#8221; column_padding_phone=&#8221;inherit&#8221; column_padding_position=&#8221;all&#8221; column_element_spacing=&#8221;default&#8221; background_color_opacity=&#8221;1&#8243; background_hover_color_opacity=&#8221;1&#8243; column_shadow=&#8221;none&#8221; column_border_radius=&#8221;none&#8221; column_link_target=&#8221;_self&#8221; gradient_direction=&#8221;left_to_right&#8221; overlay_strength=&#8221;0.3&#8243; width=&#8221;1\/6&#8243; tablet_width_inherit=&#8221;default&#8221; tablet_text_alignment=&#8221;default&#8221; phone_text_alignment=&#8221;default&#8221; bg_image_animation=&#8221;none&#8221; border_type=&#8221;simple&#8221; column_border_width=&#8221;none&#8221; column_border_style=&#8221;solid&#8221;][\/vc_column][vc_column column_padding=&#8221;no-extra-padding&#8221; column_padding_tablet=&#8221;inherit&#8221; column_padding_phone=&#8221;inherit&#8221; column_padding_position=&#8221;all&#8221; column_element_spacing=&#8221;default&#8221; background_color_opacity=&#8221;1&#8243; background_hover_color_opacity=&#8221;1&#8243; column_shadow=&#8221;none&#8221; column_border_radius=&#8221;none&#8221; column_link_target=&#8221;_self&#8221; gradient_direction=&#8221;left_to_right&#8221; overlay_strength=&#8221;0.3&#8243; width=&#8221;2\/3&#8243; tablet_width_inherit=&#8221;default&#8221; tablet_text_alignment=&#8221;default&#8221; phone_text_alignment=&#8221;default&#8221; bg_image_animation=&#8221;none&#8221; border_type=&#8221;simple&#8221; column_border_width=&#8221;none&#8221; column_border_style=&#8221;solid&#8221;][vc_column_text]\n<div class=\"post-title-wrapper\">\n<h1 class=\"post-title\">Datenschutz<\/h1>\n<\/div>\n<p>Diese Website (nachfolgend \u201eWebsite\u201c) wird bereitgestellt von MMs Plus GmbH, Technologieparkstra\u00dfe 5, AT-9500 Villach (nachfolgend \u201euns\u201c oder \u201ewir\u201c). Weitere Informationen zum Anbieter der Website finden Sie in unserem\u00a0<a href=\"http:\/\/www.andiamo.at\/impressum-englisch\/\">Impressum<\/a>.<\/p>\n<p><strong>Umgang mit personenbezogenen Daten<\/strong><\/p>\n<p>Im Folgenden m\u00f6chten wir Sie \u00fcber unseren Umgang mit personenbezogenen Daten bei der Nutzung dieser Website informieren. Soweit in den folgenden Abschnitten nicht anders beschrieben, folgt die Rechtsgrundlage f\u00fcr einen Umgang mit Ihren personenbezogenen Daten aus der Erforderlichkeit eines Umgangs f\u00fcr die Bereitstellung der auf dieser Website von Ihnen angefragten Funktionalit\u00e4ten (Art. 6(1)(b) Datenschutz-Grundverordnung).<\/p>\n<p><strong>Nutzung der Website<\/strong><\/p>\n<p><strong>Aufruf der Website<\/strong><\/p>\n<p>Wenn Sie unsere Website aufrufen, \u00fcbertr\u00e4gt Ihr Browser technisch bedingt bestimmte Daten an unseren Webserver, um Ihnen die von Ihnen aufgerufenen Informationen zur Verf\u00fcgung zu stellen. Um Ihnen den Besuch der Website zu erm\u00f6glichen, werden dabei folgende Daten erhoben, kurzfristig gespeichert und verwendet:<\/p>\n<ul>\n<li>IP-Adresse<\/li>\n<li>Datum und Uhrzeit der Anfrage<\/li>\n<li>Zeitzonendifferenz zur Greenwich Mean Time (GMT)<\/li>\n<li>Inhalt der Anforderung (konkrete Seite)<\/li>\n<li>Betriebssystem und dessen Oberfl\u00e4che<\/li>\n<li>Zugriffsstatus \/ HTTP-Statuscode<\/li>\n<li>\u00dcbertragene Datenmenge<\/li>\n<li>Website, von der die Anforderung kommt<\/li>\n<li>Browser, Sprache und Version der Browsersoftware<\/li>\n<\/ul>\n<p>Dar\u00fcber hinaus speichern wir zur Wahrung unserer berechtigten Interessen diese Daten f\u00fcr eine begrenzte Zeit, um im Falle unzul\u00e4ssiger Zugriffe bzw. Zugriffsversuche auf hiesige Server, eine Herleitung zu personenbezogenen Daten zu veranlassen (Art. 6(1)(f) Datenschutz-Grundverordnung).<\/p>\n<p><strong>Einsatz von Cookies<\/strong><\/p>\n<p><strong>Was sind Cookies<\/strong><\/p>\n<p>Auf dieser Website setzen wir so genannte \u201eCookies\u201c ein. Cookies sind kleine Textdateien, die \u00fcber Ihren Browser im Speicher Ihres Endger\u00e4ts abgelegt werden. Cookies speichern bestimmte Informationen (z.B. die von Ihnen bevorzugte Sprache oder Seiteneinstellungen), die durch Ihren Browser bei einem erneuten Besuch der Website an uns zur\u00fcckgesendet werden k\u00f6nnen (abh\u00e4ngig von der Lebensdauer des Cookies).<\/p>\n<p><strong>Welche Cookies wir einsetzen<\/strong><\/p>\n<p>Wir unterscheiden zwei Kategorien von Cookies: (1) funktionsbezogene Cookies, ohne die die Funktionalit\u00e4t unserer Website eingeschr\u00e4nkt w\u00e4re und (2) optionale Cookies, z.B. f\u00fcr Zwecke der Website-Analyse und des Marketings. Nachfolgend beschreiben wir die auf dieser Website eingesetzten optionalen Cookies im Detail:<\/p>\n<p><strong>Optionale Cookies<\/strong><br \/>\nSoweit Sie Ihre Einwilligung erkl\u00e4rt haben, wird auf dieser Website Google Analytics eingesetzt, ein Webanalysedienst der Google Inc..Die Nutzung umfasst die Betriebsart Universal Analytics. Hierdurch ist es m\u00f6glich, Daten, Sitzungen und Interaktionen \u00fcber mehrere Ger\u00e4te hinweg einer pseudonymen User-ID zuzuordnen und so die Aktivit\u00e4ten eines Nutzers ger\u00e4te\u00fcbergreifend zu analysieren. Dieser Datenschutzhinweis wird zur Verf\u00fcgung gestellt von\u00a0<a href=\"https:\/\/www.intersoft-consulting.de\/\">https:\/\/www.intersoft-consulting.de<\/a><\/p>\n<p>&nbsp;<\/p>\n<p>Google Analytics verwendet sog. \u201cCookies\u201d, Textdateien, die auf Ihrem Computer gespeichert werden und die eine Analyse der Benutzung der Website durch Sie erm\u00f6glichen. Die durch das Cookie erzeugten Informationen \u00fcber Ihre Benutzung dieser Website werden in der Regel an einen Server von Google in den USA \u00fcbertragen und dort gespeichert. Im Falle der Aktivierung der IP-Anonymisierung auf dieser Website, wird Ihre IP-Adresse von Google jedoch innerhalb von Mitgliedstaaten der Europ\u00e4ischen Union oder in anderen Vertragsstaaten des Abkommens \u00fcber den Europ\u00e4ischen Wirtschaftsraum zuvor gek\u00fcrzt. Nur in Ausnahmef\u00e4llen wird die volle IP-Adresse an einen Server von Google in den USA \u00fcbertragen und dort gek\u00fcrzt. Wir weisen Sie darauf hin, dass auf dieser Webseite Google Analytics um eine IP-Anonymisierung erweitert wurde, um eine anonymisierte Erfassung von IP-Adressen (sog. IP-Masking) zu gew\u00e4hrleisten. Die im Rahmen von Google Analytics von Ihrem Browser \u00fcbermittelte IP-Adresse wird nicht mit anderen Daten von Google zusammengef\u00fchrt. N\u00e4here Informationen zu Nutzungsbedingungen und Datenschutz finden Sie unter\u00a0<a href=\"https:\/\/www.google.com\/analytics\/terms\/de.html\">https:\/\/www.google.com\/analytics\/terms\/de.html<\/a>\u00a0bzw. unter\u00a0\u00a0<a href=\"https:\/\/policies.google.com\/?hl=de\">https:\/\/policies.google.com\/?hl=de<\/a><\/p>\n<p>&nbsp;<\/p>\n<p><strong>Zwecke der Verarbeitung<\/strong><\/p>\n<p>Im Auftrag des Betreibers dieser Website wird Google diese Informationen benutzen, um Ihre Nutzung der Website auszuwerten, um Reports \u00fcber die Websiteaktivit\u00e4ten zusammenzustellen und um weitere mit der Websitenutzung und der Internetnutzung verbundene Dienstleistungen gegen\u00fcber dem Websitebetreiber zu erbringen.<\/p>\n<p><strong>Rechtsgrundlage<\/strong><\/p>\n<p>Die Rechtsgrundlage f\u00fcr den Einsatz von Google Analytics ist Ihre Einwilligung gem\u00e4\u00df\u00a0<a href=\"https:\/\/dsgvo-gesetz.de\/art-6-dsgvo\">https:\/\/dsgvo-gesetz.de\/art-6-dsgvo<\/a>\u00a0Art. 6 Abs. 1 S.1 lit. a DSGVO.<\/p>\n<p><strong>Empf\u00e4nger \/ Kategorien von Empf\u00e4ngern<\/strong><\/p>\n<p>Der Empf\u00e4nger der erhobenen Daten ist Google.<\/p>\n<p><strong>\u00dcbermittlung in Drittstaaten<\/strong><\/p>\n<p>Die personenbezogenen Daten werden unter dem EU-US Privacy Shield auf Grundlage des Angemessenheitsbeschlusses der Europ\u00e4ischen Kommission in die USA \u00fcbermittelt. Das Zertifikat k\u00f6nnen Sie\u00a0<a href=\"https:\/\/www.privacyshield.gov\/participant?id=a2zt000000001L5AAI\">https:\/\/www.privacyshield.gov\/participant?id=a2zt000000001L5AAI<\/a>.<\/p>\n<p><strong>Dauer der Datenspeicherung<\/strong><\/p>\n<p>Die von uns gesendeten und mit Cookies, Nutzerkennungen (z. B. User-ID) oder Werbe-IDs verkn\u00fcpften Daten werden nach 14 Monaten automatisch gel\u00f6scht. Die L\u00f6schung von Daten, deren Aufbewahrungsdauer erreicht ist, erfolgt automatisch einmal im Monat.<\/p>\n<p><strong>Betroffenenrechte<\/strong><\/p>\n<p>Sie k\u00f6nnen Ihre Einwilligung jederzeit mit Wirkung f\u00fcr die Zukunft widerrufen, indem Sie die Speicherung der Cookies durch eine entsprechende Einstellung Ihrer Browser-Software verhindern; wir weisen Sie jedoch darauf hin, dass Sie in diesem Fall gegebenenfalls nicht s\u00e4mtliche Funktionen dieser Website vollumf\u00e4nglich werden nutzen k\u00f6nnen.<\/p>\n<p>Sie k\u00f6nnen dar\u00fcber hinaus die Erfassung der durch das Cookie erzeugten und auf Ihre Nutzung der Website bezogenen Daten (inkl. Ihrer IP-Adresse) an Google sowie die Verarbeitung dieser Daten durch Google verhindern, indem Sie das\u00a0<a href=\"https:\/\/tools.google.com\/dlpage\/gaoptout?hl=de\">https:\/\/tools.google.com\/dlpage\/gaoptout?hl=de<\/a>\u00a0herunterladen und installieren. Opt-Out-Cookies verhindern die zuk\u00fcnftige Erfassung Ihrer Daten beim Besuch dieser Website. Um die Erfassung durch Universal Analytics \u00fcber verschiedene Ger\u00e4te hinweg zu verhindern, m\u00fcssen Sie das Opt-Out auf allen genutzten Systemen durchf\u00fchren. Wenn Sie hier klicken, wird das Opt-Out-Cookie gesetzt.<\/p>\n<p>&nbsp;<\/p>\n<p><strong>Wie Sie die Nutzung von Cookies verhindern<\/strong><\/p>\n<p>Selbstverst\u00e4ndlich k\u00f6nnen Sie unsere Website auch ganz ohne Cookies nutzen. Sie k\u00f6nnen den Einsatz von Cookies in den Einstellungen Ihres Browsers jederzeit konfigurieren oder g\u00e4nzlich deaktivieren. Dies kann jedoch zu Einschr\u00e4nkungen der Funktionen oder der Benutzerfreundlichkeit unseres Angebots f\u00fchren.<\/p>\n<p><strong>Externe Dienste und Inhalte auf unserer Website<\/strong><\/p>\n<p>Wir binden externe Dienste oder Inhalte auf unserer Website ein. Wenn Sie einen solchen Dienst verwenden oder wenn Ihnen Inhalte Dritter angezeigt werden, werden technisch bedingt Kommunikationsdaten zwischen Ihnen und dem jeweiligen Anbieter ausgetauscht. Dar\u00fcber hinaus kann es sein, dass der Anbieter der jeweiligen Dienste oder Inhalte Ihre Daten f\u00fcr weitere, eigene Zwecke verarbeitet. Dienste oder Inhalte von Anbietern, die bekannterma\u00dfen Daten f\u00fcr eigene Zwecke verarbeiten, haben wir nach bestem Wissen und Gewissen so konfiguriert, dass entweder eine Kommunikation f\u00fcr andere Zwecke als zur Darstellung der Inhalte bzw. Dienste auf unserer Website unterbleibt, oder eine Kommunikation erst dann stattfindet, wenn Sie sich aktiv dazu entscheiden, den Dienst zu verwenden. Da wir aber keinen Einfluss auf die von Dritten erhobenen Daten und deren Verarbeitung durch diese haben, k\u00f6nnen wir zu Zweck und Umfang der Verarbeitung Ihrer Daten keine verbindlichen Angaben machen. Weitere Informationen \u00fcber Zweck und Umfang der Erhebung und Verarbeitung Ihrer Daten entnehmen Sie daher bitte den Datenschutzhinweisen der jeweils datenschutzrechtlich verantwortlichen Anbieter der von uns eingebundenen Dienste bzw. Inhalte:<\/p>\n<ul>\n<li><a href=\"https:\/\/de-de.facebook.com\/help\/instagram\/155833707900388\/\">Instagram<\/a><\/li>\n<li><a href=\"https:\/\/www.facebook.com\/policy.php\">Facebook<\/a><\/li>\n<li><a href=\"https:\/\/twitter.com\/de\/privacy\">Twitter<\/a><\/li>\n<\/ul>\n<p>&nbsp;<\/p>\n<p><strong>Informationen \u00fcber Ihre Rechte<\/strong><\/p>\n<p>Die folgenden Rechte stehen Ihnen aufgrund der anwendbaren Datenschutzgesetze zur Verf\u00fcgung:<\/p>\n<ul>\n<li>Recht auf Auskunft \u00fcber die bei uns zu Ihrer Person gespeicherten Daten;<\/li>\n<li>Recht auf Berichtigung, L\u00f6schung oder Einschr\u00e4nkung der Verarbeitung Ihrer personenbezogenen Daten;<\/li>\n<li>Recht auf Widerspruch gegen eine Verarbeitung, die unserem berechtigten Interesse, einem \u00f6ffentlichen Interesse oder einem Profiling dient, es sei denn, wir k\u00f6nnen zwingende schutzw\u00fcrdige Gr\u00fcnde f\u00fcr die Verarbeitung nachweisen, die Ihre Interessen, Rechte und Freiheiten \u00fcberwiegen, oder die Verarbeitung dient der Geltendmachung, Aus\u00fcbung oder Verteidigung von Rechtsanspr\u00fcchen;<\/li>\n<li>Recht auf Daten\u00fcbertragbarkeit;<\/li>\n<li>Recht sich bei einer Aufsichtsbeh\u00f6rde zu beschweren;<\/li>\n<li>Von Ihnen erteilte Einwilligungen zur Erhebung, Verarbeitung und Nutzung Ihrer personenbezogenen Daten k\u00f6nnen Sie jederzeit mit Wirkung f\u00fcr die Zukunft widerrufen. N\u00e4here Informationen hierzu finden Sie in den jeweiligen Abschnitten oben, wo eine Datenverarbeitung auf Grundlage Ihrer Einwilligung beschrieben wird.<\/li>\n<\/ul>\n<p>Falls Sie von Ihren Rechten Gebrauch machen m\u00f6chten, richten Sie bitte Ihr Anliegen an den unten genannten Ansprechpartner (siehe Kontakt).<\/p>\n<p><strong>Kontakt<\/strong><\/p>\n<p>F\u00fcr Ihre Anliegen zum Datenschutz schreiben Sie bitte an [girlsandiamo@gmx.at].<\/p>\n<p><strong>Anpassung der Datenschutzerkl\u00e4rung<\/strong><\/p>\n<p>Wir behalten uns vor, diese Datenschutzerkl\u00e4rung von Zeit zu Zeit zu aktualisieren. Aktualisierungen dieser Datenschutzerkl\u00e4rung werden auf unserer Website ver\u00f6ffentlicht. \u00c4nderungen gelten ab ihrer Publikation auf unserer Website. Wir empfehlen Ihnen daher, diese Seite regelm\u00e4\u00dfig zu besuchen, um sich \u00fcber gegebenenfalls erfolgte Aktualisierungen zu informieren.[\/vc_column_text][\/vc_column][vc_column column_padding=&#8221;no-extra-padding&#8221; column_padding_tablet=&#8221;inherit&#8221; column_padding_phone=&#8221;inherit&#8221; column_padding_position=&#8221;all&#8221; column_element_spacing=&#8221;default&#8221; background_color_opacity=&#8221;1&#8243; background_hover_color_opacity=&#8221;1&#8243; column_shadow=&#8221;none&#8221; column_border_radius=&#8221;none&#8221; column_link_target=&#8221;_self&#8221; gradient_direction=&#8221;left_to_right&#8221; overlay_strength=&#8221;0.3&#8243; width=&#8221;1\/6&#8243; tablet_width_inherit=&#8221;default&#8221; tablet_text_alignment=&#8221;default&#8221; phone_text_alignment=&#8221;default&#8221; bg_image_animation=&#8221;none&#8221; border_type=&#8221;simple&#8221; column_border_width=&#8221;none&#8221; column_border_style=&#8221;solid&#8221;][\/vc_column][\/vc_row]\n","protected":false},"excerpt":{"rendered":"<p>[vc_row type=&#8221;in_container&#8221; full_screen_row_position=&#8221;middle&#8221; column_margin=&#8221;default&#8221; column_direction=&#8221;default&#8221; column_direction_tablet=&#8221;default&#8221; column_direction_phone=&#8221;default&#8221; scene_position=&#8221;center&#8221; text_color=&#8221;dark&#8221; text_align=&#8221;left&#8221; row_border_radius=&#8221;none&#8221; row_border_radius_applies=&#8221;bg&#8221; overlay_strength=&#8221;0.3&#8243; gradient_direction=&#8221;left_to_right&#8221; shape_divider_position=&#8221;bottom&#8221; bg_image_animation=&#8221;none&#8221;][vc_column column_padding=&#8221;no-extra-padding&#8221; column_padding_tablet=&#8221;inherit&#8221; column_padding_phone=&#8221;inherit&#8221; column_padding_position=&#8221;all&#8221; column_element_spacing=&#8221;default&#8221; background_color_opacity=&#8221;1&#8243; background_hover_color_opacity=&#8221;1&#8243; column_shadow=&#8221;none&#8221; column_border_radius=&#8221;none&#8221;&#8230;<\/p>\n","protected":false},"author":3,"featured_media":0,"parent":0,"menu_order":0,"comment_status":"closed","ping_status":"closed","template":"","meta":{"om_disable_all_campaigns":false,"_monsterinsights_skip_tracking":false,"_monsterinsights_sitenote_active":false,"_monsterinsights_sitenote_note":"","_monsterinsights_sitenote_category":0,"footnotes":""},"class_list":["post-6814","page","type-page","status-publish"],"aioseo_notices":[],"_links":{"self":[{"href":"https:\/\/andiamo.at\/sl\/wp-json\/wp\/v2\/pages\/6814","targetHints":{"allow":["GET"]}}],"collection":[{"href":"https:\/\/andiamo.at\/sl\/wp-json\/wp\/v2\/pages"}],"about":[{"href":"https:\/\/andiamo.at\/sl\/wp-json\/wp\/v2\/types\/page"}],"author":[{"embeddable":true,"href":"https:\/\/andiamo.at\/sl\/wp-json\/wp\/v2\/users\/3"}],"replies":[{"embeddable":true,"href":"https:\/\/andiamo.at\/sl\/wp-json\/wp\/v2\/comments?post=6814"}],"version-history":[{"count":0,"href":"https:\/\/andiamo.at\/sl\/wp-json\/wp\/v2\/pages\/6814\/revisions"}],"wp:attachment":[{"href":"https:\/\/andiamo.at\/sl\/wp-json\/wp\/v2\/media?parent=6814"}],"curies":[{"name":"wp","href":"https:\/\/api.w.org\/{rel}","templated":true}]}}